{"id":12016,"date":"2025-04-03T09:11:05","date_gmt":"2025-04-03T09:11:05","guid":{"rendered":"https:\/\/esquell.eu\/product\/silberne-tonpaste-20-g-acs-a-0286\/"},"modified":"2026-01-10T17:05:11","modified_gmt":"2026-01-10T17:05:11","slug":"silberne-tonpaste-20-g-acs-a-0286","status":"publish","type":"product","link":"https:\/\/esquell.eu\/de\/produkt\/silberne-tonpaste-20-g-acs-a-0286\/","title":{"rendered":"Silberne Tonpaste 20 g ACS (A-0286)"},"content":{"rendered":"<p>Silberne Tonpaste, 20 Gramm, von Art Clay Silver.<\/p>\n<p>Dies ist im Grunde dasselbe wie Silberknete, nur dass mehr Wasser hinzugef\u00fcgt wird, um sie streichf\u00e4hig zu machen. Sie k\u00f6nnen sie verwenden f\u00fcr: <\/p>\n<ul>\n<li>Zwei St\u00fccke trockener Ton zum Zusammenf\u00fcgen.<\/li>\n<li>Risse reparieren.<\/li>\n<\/ul>\n<ul>\n<li>Erstellen Sie ein Pastenmuster auf trockenem Ton.<\/li>\n<\/ul>\n<ul>\n<li>Texturierung von Werkst\u00fccken aus Silberton<\/li>\n<li>Reparaturen in nassem und trockenem Silberton<\/li>\n<li>Anbringen von Kurzwaren wie Fassungsdosen, Anh\u00e4nger\u00f6sen, Schraub\u00f6sen, St\u00fccken von 999er Silberdraht usw.<\/li>\n<li>Auftragen von Schichten aus silberner Tonpaste auf z.B. Bl\u00e4tter (tragen Sie mindestens 12 Schichten Paste auf jeder Seite auf. Achten Sie darauf, dass Sie jede Schicht gr\u00fcndlich trocknen lassen, bevor Sie eine weitere Schicht auftragen. Verd\u00fcnnen Sie die 1. Schicht leicht.  <\/li>\n<li>Auftragen von Schichten aus Silberton auf eine Basis aus Kork oder Holzton, um hohlen Schmuck herzustellen (Ascheschmuck, Gedenkschmuck, Kremationsschmuck)<\/li>\n<\/ul>\n<p>Verschlie\u00dfen Sie das Glas mit der Silbertonpaste zwischendurch fest, damit sie nicht austrocknet. Wenn die Paste ausgetrocknet ist, f\u00fcgen Sie ein paar Tropfen destilliertes Wasser hinzu, um sie wieder weich zu machen. <\/p>\n<p>Die Paste besteht aus 90% Silber und 10% Bindemittel. Ein gebranntes St\u00fcck besteht aus 99,9% Silber (Feinsilber) <\/p>\n<p>F\u00fcgen Sie der Paste keine Reste von Silberton zu. Die Zusammensetzung von Silberton ist 80\/20%. Reste von Silberknete k\u00f6nnen aufbewahrt werden. Geben Sie sie in ein Glas mit Deckel und f\u00fcgen Sie ein paar Tropfen Wasser und\/oder Pastenmacher hinzu.   <\/p>\n<p>In der Wissensdatenbank finden Sie weitere Informationen \u00fcber die Arbeit mit Silberton und Silbertonpaste.<\/p>\n<p>Die Paste schrumpft w\u00e4hrend des Brennens um etwa 9%. Die Paste kann mit einem Brenner, in einem Silbertonofen oder auf dem Gasherd gebrannt werden. Die Silbertonpaste kann bei einer Temperatur ab 650 gebrannt werden.  <\/p>\n","protected":false},"excerpt":{"rendered":"<p>Silberne Tonpaste, 20 Gramm, von Art Clay Silver.<\/p>\n<p>Dies ist im Grunde dasselbe wie Silberknete, nur dass mehr Wasser hinzugef\u00fcgt wird, um sie streichf\u00e4hig zu machen. Sie k\u00f6nnen sie verwenden f\u00fcr: <\/p>\n<p>&nbsp;<\/p>\n<ul>\n<li>Zwei St\u00fccke trockener Ton zum Zusammenf\u00fcgen.<\/li>\n<li>Risse reparieren.<\/li>\n<\/ul>\n<ul>\n<li>Erstellen Sie ein Pastenmuster auf trockenem Ton.<\/li>\n<\/ul>\n<p>&nbsp;<\/p>\n<ul>\n<li>Texturierung von Werkst\u00fccken aus Silberton<\/li>\n<li>Reparaturen in nassem und trockenem Silberton<\/li>\n<li>Anbringen von Kurzwaren wie Fassungsdosen, Anh\u00e4nger\u00f6sen, Schraub\u00f6sen, St\u00fccken von 999er Silberdraht usw.<\/li>\n<li>Auftragen von Schichten aus silberner Tonpaste auf z.B. Bl\u00e4tter (tragen Sie mindestens 12 Schichten Paste auf jeder Seite auf. Achten Sie darauf, dass Sie jede Schicht gr\u00fcndlich trocknen lassen, bevor Sie eine weitere Schicht auftragen. Verd\u00fcnnen Sie die 1. Schicht leicht.  <\/li>\n<li>Auftragen von Schichten aus Silberton auf eine Basis aus Kork oder Holzton, um hohlen Schmuck herzustellen (Ascheschmuck, Gedenkschmuck, Kremationsschmuck)<\/li>\n<\/ul>\n<p>&nbsp;<\/p>\n<p>Verschlie\u00dfen Sie das Glas mit der Silbertonpaste zwischendurch fest, damit sie nicht austrocknet. Wenn die Paste ausgetrocknet ist, f\u00fcgen Sie ein paar Tropfen destilliertes Wasser hinzu, um sie wieder weich zu machen. <\/p>\n<p>Die Paste besteht aus 90% Silber und 10% Bindemittel. Ein gebranntes St\u00fcck besteht aus 99,9% Silber (Feinsilber) <\/p>\n<p>F\u00fcgen Sie der Paste keine Reste von Silberton zu. Die Zusammensetzung von Silberton ist 80\/20%. Reste von Silberknete k\u00f6nnen aufbewahrt werden. Geben Sie sie in ein Glas mit Deckel und f\u00fcgen Sie ein paar Tropfen Wasser und\/oder Pastenmacher hinzu.   <\/p>\n<p>In der Wissensdatenbank finden Sie weitere Informationen \u00fcber die Arbeit mit Silberton und Silbertonpaste.<\/p>\n<p>Die Paste schrumpft w\u00e4hrend des Brennens um etwa 9%. Die Paste kann mit einem Brenner, in einem Silbertonofen oder auf dem Gasherd gebrannt werden. Die Silbertonpaste kann bei einer Temperatur ab 650 gebrannt werden.  <\/p>\n<p>&nbsp;<\/p>\n<p>&nbsp;<\/p>\n","protected":false},"featured_media":12052,"comment_status":"closed","ping_status":"closed","template":"","meta":{"_acf_changed":false,"_seopress_robots_primary_cat":"none","_seopress_titles_title":"","_seopress_titles_desc":"","_seopress_robots_index":""},"more":[],"product_brand":[6413],"product_cat":[6414],"product_tag":[7078,7080,6488,6506,9159,9087,9081,6802,6773,6799,6797,6438,7132,8349,8607,9091,9168,6458,6790,7667,7669,6903,7810,9142,9074,6494,9155,9107,9079,7136,6793,8014,9162,9095,7142,8217,7555,9099,7074,6800,9083,6786,6885,9103,6804,9078,6905,6775,9148,9147,6421,8491,6444,6441,6455,9172,7797,9111,7134,9175,6682,9145,6788,7145,9077,8001,9114,6806,7082,7143,7138,9151,8092,6777,7140,9070,6419,7021,9085,6779,7509,6558,6417,6671,6490,7129,8494,9160,6781,6784,7811,6795,9166,9164,9157,8658,6783,9170,7144,9153],"class_list":{"0":"post-12016","1":"product","2":"type-product","3":"status-publish","4":"has-post-thumbnail","6":"product_brand-acs","7":"product_cat-silber-ton-art-clay-silber","8":"product_tag-7078","9":"product_tag-7080","10":"product_tag-6488","11":"product_tag-6506","12":"product_tag-aalten","13":"product_tag-abbacken","14":"product_tag-als","15":"product_tag-angebot","16":"product_tag-antwerpen","17":"product_tag-apeldoorn","18":"product_tag-arnheim","19":"product_tag-artclaysilver","20":"product_tag-artclaysilverpaste","21":"product_tag-ascheschmuck","22":"product_tag-ascheschmuck-2","23":"product_tag-backofen","24":"product_tag-barneveld","25":"product_tag-belgien","26":"product_tag-bestellung","27":"product_tag-blatt","28":"product_tag-blatter","29":"product_tag-bronze-ton","30":"product_tag-coevorden","31":"product_tag-dedemsvaart","32":"product_tag-deventer","33":"product_tag-diy","34":"product_tag-doetinchem","35":"product_tag-dwingeloo","36":"product_tag-einascherung","37":"product_tag-einfugen-2","38":"product_tag-einkaufen","39":"product_tag-einkaufen-2","40":"product_tag-elst","41":"product_tag-fackel","42":"product_tag-fehler","43":"product_tag-flex","44":"product_tag-formbare","45":"product_tag-fragen-und-antworten","46":"product_tag-gedenkschmuck","47":"product_tag-gramm","48":"product_tag-holzton","49":"product_tag-kaufen","50":"product_tag-kaufen-2","51":"product_tag-klazienaveen","52":"product_tag-kostenlos","53":"product_tag-kremationsschmuck","54":"product_tag-kupferton","55":"product_tag-kurzwarengeschaft","56":"product_tag-lochem","57":"product_tag-losser","58":"product_tag-machen","59":"product_tag-meppel","60":"product_tag-metalclay","61":"product_tag-metallton","62":"product_tag-niederlande","63":"product_tag-nijkerk","64":"product_tag-nijmegen","65":"product_tag-nijverdal","66":"product_tag-nudeln","67":"product_tag-nunspeet","68":"product_tag-ohrringe","69":"product_tag-oldenzaal","70":"product_tag-online","71":"product_tag-overlay","72":"product_tag-pastemaker","73":"product_tag-pmc","74":"product_tag-raalte","75":"product_tag-rabatt","76":"product_tag-reparatur","77":"product_tag-reparatur-2","78":"product_tag-reparaturen","79":"product_tag-rijssen","80":"product_tag-ring","81":"product_tag-ringe","82":"product_tag-risse","83":"product_tag-risse-2","84":"product_tag-schmuck","85":"product_tag-schmuck-3","86":"product_tag-schrumpfung","87":"product_tag-selbstgemacht","88":"product_tag-senden","89":"product_tag-sie-selbst","90":"product_tag-silber","91":"product_tag-silber-2","92":"product_tag-silberton","93":"product_tag-silbertonpaste","94":"product_tag-steenwijk","95":"product_tag-tauben","96":"product_tag-teile","97":"product_tag-unter-2","98":"product_tag-urk","99":"product_tag-utrecht","100":"product_tag-veenendaal","101":"product_tag-wageningen","102":"product_tag-winterswijk","103":"product_tag-wissensbasis","104":"product_tag-wobei","105":"product_tag-zeist","106":"product_tag-zusammenfuhren","107":"product_tag-zutphen","108":"product_shipping_class-standard","110":"first","111":"instock","112":"taxable","113":"shipping-taxable","114":"purchasable","115":"product-type-simple"},"acf":[],"_links":{"self":[{"href":"https:\/\/esquell.eu\/de\/wp-json\/wp\/v2\/product\/12016","targetHints":{"allow":["GET"]}}],"collection":[{"href":"https:\/\/esquell.eu\/de\/wp-json\/wp\/v2\/product"}],"about":[{"href":"https:\/\/esquell.eu\/de\/wp-json\/wp\/v2\/types\/product"}],"replies":[{"embeddable":true,"href":"https:\/\/esquell.eu\/de\/wp-json\/wp\/v2\/comments?post=12016"}],"wp:featuredmedia":[{"embeddable":true,"href":"https:\/\/esquell.eu\/de\/wp-json\/wp\/v2\/media\/12052"}],"wp:attachment":[{"href":"https:\/\/esquell.eu\/de\/wp-json\/wp\/v2\/media?parent=12016"}],"wp:term":[{"taxonomy":"more","embeddable":true,"href":"https:\/\/esquell.eu\/de\/wp-json\/wp\/v2\/more?post=12016"},{"taxonomy":"product_brand","embeddable":true,"href":"https:\/\/esquell.eu\/de\/wp-json\/wp\/v2\/product_brand?post=12016"},{"taxonomy":"product_cat","embeddable":true,"href":"https:\/\/esquell.eu\/de\/wp-json\/wp\/v2\/product_cat?post=12016"},{"taxonomy":"product_tag","embeddable":true,"href":"https:\/\/esquell.eu\/de\/wp-json\/wp\/v2\/product_tag?post=12016"}],"curies":[{"name":"wp","href":"https:\/\/api.w.org\/{rel}","templated":true}]}}