{"id":12014,"date":"2025-04-03T09:11:05","date_gmt":"2025-04-03T09:11:05","guid":{"rendered":"https:\/\/esquell.eu\/product\/bronze-ton-50-gramm-acs-za-0335\/"},"modified":"2025-12-22T11:12:04","modified_gmt":"2025-12-22T11:12:04","slug":"bronze-ton-50-gramm-acs-za-0335","status":"publish","type":"product","link":"https:\/\/esquell.eu\/de\/produkt\/bronze-ton-50-gramm-acs-za-0335\/","title":{"rendered":"Bronze Ton 50 Gramm ACS (ZA 0335)"},"content":{"rendered":"<p>Leicht zu verarbeitender Bronzeton;<\/p>\n<p>Funktioniert genau wie Silberknete von Art Clay. Sie schrumpft 10-13%. <\/p>\n<p>Lehm enth\u00e4lt 90% Kupfer und 10% Zinn.<\/p>\n<p>Der Rat lautet: Backen Sie im Ofen.<\/p>\n<p>Bake-off-Anleitung Backofen:<\/p>\n<p>Gem\u00e4\u00df der Backanleitung des Herstellers kann es 1x gebacken werden. In Aktivkohle, in einem kalten Ofen in 2 Stunden bei 820 Grad. Im Test hat das oft gut geklappt, manchmal aber auch nicht. Um auf Nummer sicher zu gehen, empfehlen wir die 2-Stufen-Methode in Aktivkohle.   <\/p>\n<p>Schritt 1: Legen Sie 3 cm der Aktivkohle auf den Boden eines Metallbeh\u00e4lters. Backen Sie f\u00fcr 10 Minuten <\/p>\n<p>500 \u00b0C Im Ofen auf Raumtemperatur abk\u00fchlen lassen.<\/p>\n<p>Schritt 2: Legen Sie das St\u00fcck in die Aktivkohle und f\u00fcllen Sie den Beh\u00e4lter mit Aktivkohle, mindestens 2 cm \u00fcber das St\u00fcck. Stellen Sie den Beh\u00e4lter in den kalten Ofen und erhitzen Sie ihn bei 820 \u00b0C f\u00fcr mindestens 1 Stunde. Lassen Sie ihn im Ofen auf Raumtemperatur abk\u00fchlen.  <\/p>\n<p><strong>Mit einem Gasbrenner<\/strong><\/p>\n<p>Es gibt verschiedene Arten von Bronzeton, die mit einem Handbrenner gebrannt werden k\u00f6nnen.<strong><a href=\"https:\/\/esquell.eu\/de\/produkt\/brenner-handloeten-gasbrenner-auf-butangas\/\"> Handbrenner<\/a> <\/strong>Dies erfordert mehr Geduld als das Brennen von Silberton. Silberner Ton sollte etwa 2 Minuten, bronzener Ton mindestens 10 Minuten gegl\u00fcht werden.<\/p>\n<p>F\u00fcr den Brennvorgang geeignete Bronzetone sind:<\/p>\n<p><a href=\"https:\/\/esquell.eu\/de\/produkt\/bronze-ton-50-gramm-acs-za-0335\/\"><strong>Art Clay Bronze,  <\/strong><\/a><br \/>\n<strong><a href=\"https:\/\/esquell.eu\/de\/produkt\/bronzeton-bronzeton-prometheus-100-gramm\/\">Prometheus normaler Bronze Ton  <\/a><\/strong><br \/>\n<strong><a href=\"https:\/\/esquell.eu\/de\/produkt\/bronze-ton-sunny-bronze-verschiedene-inhalte-prometheus\/\">Promethens Sunny Bronze.<\/a><\/strong><\/p>\n<p>Die anderen Sorten k\u00f6nnen nur in einem speziellen Ofen gebacken werden. <a href=\"https:\/\/esquell.eu\/?s=prometheus+oven\"><strong>speziellen Ofen <\/strong><\/a> <\/p>\n<p><a href=\"https:\/\/esquell.eu\/app\/uploads\/2025\/04\/acb-h.pdf\"><u>Ausf\u00fchrliches Handbuch und Arbeitsanweisungen<\/u><\/a><\/p>\n","protected":false},"excerpt":{"rendered":"<p>Leicht zu verarbeitender Bronzeton;<\/p>\n<p>Funktioniert genau wie Silberknete von Art Clay. Sie schrumpft 10-13%. <\/p>\n<p>Lehm enth\u00e4lt 90% Kupfer und 10% Zinn.<\/p>\n<p>Der Rat lautet: Backen Sie im Ofen.<\/p>\n<p>&nbsp;<\/p>\n<p>Anweisungen f\u00fcr den Backwettbewerb:<\/p>\n<p>Gem\u00e4\u00df der Backanleitung des Herstellers kann es 1x gebacken werden. In Aktivkohle, in einem kalten Ofen in 2 Stunden bei 820 Grad. Im Test hat das oft gut geklappt, manchmal aber auch nicht. Um auf Nummer sicher zu gehen, empfehlen wir die 2-Stufen-Methode in Aktivkohle.   <\/p>\n<p>&nbsp;<\/p>\n<p>Schritt 1: Legen Sie 3 cm der Aktivkohle auf den Boden eines Metallbeh\u00e4lters. Backen Sie f\u00fcr 10 Minuten <\/p>\n<p>500 \u00b0C Im Ofen auf Raumtemperatur abk\u00fchlen lassen.<\/p>\n<p>Schritt 2: Legen Sie das St\u00fcck in die Aktivkohle und f\u00fcllen Sie den Beh\u00e4lter mit Aktivkohle, mindestens 2 cm \u00fcber das St\u00fcck. Stellen Sie den Beh\u00e4lter in den kalten Ofen und brennen Sie ihn bei 820 \u00b0C f\u00fcr 2 Stunden. Lassen Sie ihn im Ofen auf Raumtemperatur abk\u00fchlen.  <\/p>\n<p>&nbsp;<\/p>\n<p><a href=\"https:\/\/www.esquell.nl\/WebRoot\/StoreNL\/Shops\/83636376\/6216\/ACD8\/FF94\/4982\/6670\/0A0C\/6D0E\/5F65\/ACB_Check_List__FAQ_20220630_brons.pdf\"><u>Ausf\u00fchrliches Handbuch und Arbeitsanweisungen<\/u><\/a><\/p>\n","protected":false},"featured_media":12131,"comment_status":"closed","ping_status":"closed","template":"","meta":{"_acf_changed":false,"_seopress_robots_primary_cat":"none","_seopress_titles_title":"","_seopress_titles_desc":"","_seopress_robots_index":""},"more":[],"product_brand":[6413],"product_cat":[6519],"product_tag":[7190,6438,6677,6458,7387,6903,7555,7559,6767,7562,6769,6707,6679,7545,6421,6444,7557,6441,7553,6771,6455,7133,6419,6558,6435,6500,6556,7561,7511,6694],"class_list":{"0":"post-12014","1":"product","2":"type-product","3":"status-publish","4":"has-post-thumbnail","6":"product_brand-acs","7":"product_cat-bronze-ton","8":"product_tag-art-clay","9":"product_tag-artclaysilver","10":"product_tag-belgien-2","11":"product_tag-belgien","12":"product_tag-bronze","13":"product_tag-bronze-ton","14":"product_tag-formbare","15":"product_tag-formbare-bronze","16":"product_tag-gold","17":"product_tag-goldig","18":"product_tag-goldton","19":"product_tag-licht","20":"product_tag-luxemburg","21":"product_tag-luxemburg-2","22":"product_tag-machen","23":"product_tag-metalclay","24":"product_tag-metall","25":"product_tag-metallton","26":"product_tag-modellierung","27":"product_tag-neu","28":"product_tag-niederlande","29":"product_tag-prometheus","30":"product_tag-schmuck","31":"product_tag-sie-selbst","32":"product_tag-ton","33":"product_tag-ton-2","34":"product_tag-ton-3","35":"product_tag-tonschmuck-2","36":"product_tag-tonschmuck","37":"product_tag-von","38":"product_shipping_class-standard","40":"first","41":"instock","42":"taxable","43":"shipping-taxable","44":"purchasable","45":"product-type-simple"},"acf":[],"_links":{"self":[{"href":"https:\/\/esquell.eu\/de\/wp-json\/wp\/v2\/product\/12014","targetHints":{"allow":["GET"]}}],"collection":[{"href":"https:\/\/esquell.eu\/de\/wp-json\/wp\/v2\/product"}],"about":[{"href":"https:\/\/esquell.eu\/de\/wp-json\/wp\/v2\/types\/product"}],"replies":[{"embeddable":true,"href":"https:\/\/esquell.eu\/de\/wp-json\/wp\/v2\/comments?post=12014"}],"wp:featuredmedia":[{"embeddable":true,"href":"https:\/\/esquell.eu\/de\/wp-json\/wp\/v2\/media\/12131"}],"wp:attachment":[{"href":"https:\/\/esquell.eu\/de\/wp-json\/wp\/v2\/media?parent=12014"}],"wp:term":[{"taxonomy":"more","embeddable":true,"href":"https:\/\/esquell.eu\/de\/wp-json\/wp\/v2\/more?post=12014"},{"taxonomy":"product_brand","embeddable":true,"href":"https:\/\/esquell.eu\/de\/wp-json\/wp\/v2\/product_brand?post=12014"},{"taxonomy":"product_cat","embeddable":true,"href":"https:\/\/esquell.eu\/de\/wp-json\/wp\/v2\/product_cat?post=12014"},{"taxonomy":"product_tag","embeddable":true,"href":"https:\/\/esquell.eu\/de\/wp-json\/wp\/v2\/product_tag?post=12014"}],"curies":[{"name":"wp","href":"https:\/\/api.w.org\/{rel}","templated":true}]}}