{"id":12000,"date":"2025-04-03T09:11:15","date_gmt":"2025-04-03T09:11:15","guid":{"rendered":"https:\/\/esquell.eu\/product\/quilling-werkzeug-werkzeug-fuer-quilling-budget\/"},"modified":"2025-11-09T08:10:01","modified_gmt":"2025-11-09T08:10:01","slug":"quilling-werkzeug-werkzeug-fuer-quilling-budget","status":"publish","type":"product","link":"https:\/\/esquell.eu\/de\/produkt\/quilling-werkzeug-werkzeug-fuer-quilling-budget\/","title":{"rendered":"Quilling Werkzeug, Werkzeug f\u00fcr Quilling Budget"},"content":{"rendered":"<div class=\"product-addition-content\">\n<p>Quilting-Stift f\u00fcr Art Clay Papier.<\/p>\n<p>Ausf\u00fchrung des Haushaltsplans<\/p>\n<p>Quilling oder Papierfiligran ist eine Kunstform, bei der Papierstreifen verwendet werden, die gerollt, geformt und zusammengeklebt werden, um dekorative Designs zu schaffen. Das Papier wird gerollt, geschlungen, gewellt, gedreht und auf andere Weise manipuliert, um Formen zu schaffen, die Designs bilden. Quilling beginnt damit, dass ein Papierstreifen zu einer Spule gerollt und dann in Formen gequetscht wird, die zusammengeklebt werden k\u00f6nnen. Es gibt fortgeschrittene Techniken und Papier in verschiedenen Gr\u00f6\u00dfen  <\/p>\n<\/div>\n","protected":false},"excerpt":{"rendered":"<p>Quilting-Stift f\u00fcr Art Clay Papier.<\/p>\n<p>&nbsp;<\/p>\n<p>Ausf\u00fchrung des Haushaltsplans<\/p>\n<p>&nbsp;<\/p>\n<p>Quilling oder Papierfiligran ist eine Kunstform, bei der Papierstreifen verwendet werden, die gerollt, geformt und zusammengeklebt werden, um dekorative Designs zu schaffen. Das Papier wird gerollt, geschlungen, gewellt, gedreht und auf andere Weise manipuliert, um Formen zu schaffen, die Designs bilden. Quilling beginnt damit, dass ein Papierstreifen zu einer Spule gerollt und dann in Formen gequetscht wird, die zusammengeklebt werden k\u00f6nnen. Es gibt fortgeschrittene Techniken und Papier in verschiedenen Gr\u00f6\u00dfen  <\/p>\n","protected":false},"featured_media":7176,"comment_status":"closed","ping_status":"closed","template":"","meta":{"_acf_changed":false,"_seopress_robots_primary_cat":"none","_seopress_titles_title":"","_seopress_titles_desc":"","_seopress_robots_index":""},"more":[],"product_brand":[6365],"product_cat":[6367],"product_tag":[6446,6684,6492,6699,8586,6438,6695,6677,6458,8599,8596,6675,6494,8577,8574,10209,6680,7547,6692,6696,6673,6498,8594,8583,6679,7545,6421,8591,6455,6682,6686,6504,8588,6688,6419,6701,6671,6812,6502,8580,6500,7564,8601,6449,6694,6690],"class_list":{"0":"post-12000","1":"product","2":"type-product","3":"status-publish","4":"has-post-thumbnail","6":"product_brand-l1","7":"product_cat-erganzende-materialien","8":"product_tag-aida","9":"product_tag-anhanger","10":"product_tag-artclay","11":"product_tag-artclayacademy","12":"product_tag-artclaypaper","13":"product_tag-artclaysilver","14":"product_tag-ausbildung","15":"product_tag-belgien-2","16":"product_tag-belgien","17":"product_tag-benelux","18":"product_tag-broschen","19":"product_tag-craftlines","20":"product_tag-diy","21":"product_tag-eu","22":"product_tag-europa","23":"product_tag-europa-2","24":"product_tag-frankreich","25":"product_tag-frankreich-2","26":"product_tag-handbuch","27":"product_tag-ideen","28":"product_tag-japan","29":"product_tag-kunst","30":"product_tag-kunst-2","31":"product_tag-kurs","32":"product_tag-luxemburg","33":"product_tag-luxemburg-2","34":"product_tag-machen","35":"product_tag-marke","36":"product_tag-niederlande","37":"product_tag-ohrringe","38":"product_tag-papier-2","39":"product_tag-papier","40":"product_tag-papiertyp","41":"product_tag-ruschen","42":"product_tag-schmuck","43":"product_tag-schule","44":"product_tag-silber-2","45":"product_tag-silber-3","46":"product_tag-silbertonpapier","47":"product_tag-tipps","48":"product_tag-ton-2","49":"product_tag-typ","50":"product_tag-unterricht","51":"product_tag-verteiler","52":"product_tag-von","53":"product_tag-werkstatten","54":"product_shipping_class-standard","56":"first","57":"instock","58":"taxable","59":"shipping-taxable","60":"purchasable","61":"product-type-simple"},"acf":[],"_links":{"self":[{"href":"https:\/\/esquell.eu\/de\/wp-json\/wp\/v2\/product\/12000","targetHints":{"allow":["GET"]}}],"collection":[{"href":"https:\/\/esquell.eu\/de\/wp-json\/wp\/v2\/product"}],"about":[{"href":"https:\/\/esquell.eu\/de\/wp-json\/wp\/v2\/types\/product"}],"replies":[{"embeddable":true,"href":"https:\/\/esquell.eu\/de\/wp-json\/wp\/v2\/comments?post=12000"}],"wp:featuredmedia":[{"embeddable":true,"href":"https:\/\/esquell.eu\/de\/wp-json\/wp\/v2\/media\/7176"}],"wp:attachment":[{"href":"https:\/\/esquell.eu\/de\/wp-json\/wp\/v2\/media?parent=12000"}],"wp:term":[{"taxonomy":"more","embeddable":true,"href":"https:\/\/esquell.eu\/de\/wp-json\/wp\/v2\/more?post=12000"},{"taxonomy":"product_brand","embeddable":true,"href":"https:\/\/esquell.eu\/de\/wp-json\/wp\/v2\/product_brand?post=12000"},{"taxonomy":"product_cat","embeddable":true,"href":"https:\/\/esquell.eu\/de\/wp-json\/wp\/v2\/product_cat?post=12000"},{"taxonomy":"product_tag","embeddable":true,"href":"https:\/\/esquell.eu\/de\/wp-json\/wp\/v2\/product_tag?post=12000"}],"curies":[{"name":"wp","href":"https:\/\/api.w.org\/{rel}","templated":true}]}}