{"id":11995,"date":"2025-04-03T09:11:26","date_gmt":"2025-04-03T09:11:26","guid":{"rendered":"https:\/\/esquell.eu\/product\/coolslip-mini-antihaft-formel-tester-8-ml\/"},"modified":"2026-02-14T01:11:57","modified_gmt":"2026-02-14T01:11:57","slug":"coolslip-mini-antihaft-formel-tester-8-ml","status":"publish","type":"product","link":"https:\/\/esquell.eu\/de\/produkt\/coolslip-mini-antihaft-formel-tester-8-ml\/","title":{"rendered":"Coolslip mini Antihaft-Formel Tester 8 ml"},"content":{"rendered":"<p>Coolslip Antihaft-Formel. Tester. 8 ml<br \/>\nDas Einspr\u00fchen von H\u00e4nden, Werkzeugen, Texturb\u00f6gen, Stempeln usw. mit der Coolslip Antihaft-Formel verhindert das Festkleben der Metallknete.<br \/>\nSie sorgt auch f\u00fcr einen sch\u00e4rferen Druck von Stempeln und Texturen.  <\/p>\n<p>Achten Sie darauf, dass Sie nicht zu viel spr\u00fchen, da der Druck sonst aufschwimmt und weniger scharf wird.<\/p>\n<p>Eventuell mit einem Pinsel auftragen, um zu viel zu vermeiden.<\/p>\n","protected":false},"excerpt":{"rendered":"<p><strong>Vor\u00fcbergehend verf\u00fcgbar<\/strong><\/p>\n<p>&nbsp;<\/p>\n<p>Coolslip Antihaft-Formel. Tester. 8 ml  <\/p>\n<p>&nbsp;<\/p>\n<p>Das Bespr\u00fchen von H\u00e4nden, Werkzeugen, Texturb\u00f6gen, Stempeln usw. mit der coolslip Antihaft-Formel verhindert das Festkleben von Metal Clay. Au\u00dferdem sorgt es f\u00fcr einen sch\u00e4rferen Druck von Stempeln und Texturen. <\/p>\n<p>&nbsp;<\/p>\n<p>&nbsp;<\/p>\n","protected":false},"featured_media":7155,"comment_status":"closed","ping_status":"closed","template":"","meta":{"_acf_changed":false,"_seopress_robots_primary_cat":"none","_seopress_titles_title":"","_seopress_titles_desc":"","_seopress_robots_index":""},"more":[],"product_brand":[6595],"product_cat":[6367,6596],"product_tag":[6607,6615,6624,6603,6628,6611,6613,6444,6441,6373,6609,6599,6490,6626,6622,6616,6632,6620,6618,6630,6605],"class_list":{"0":"post-11995","1":"product","2":"type-product","3":"status-publish","4":"has-post-thumbnail","6":"product_brand-coole-tools","7":"product_cat-erganzende-materialien","8":"product_cat-grundlegende-werkzeuge","9":"product_tag-antihaft-formel","10":"product_tag-artclay-silber","11":"product_tag-briefmarken","12":"product_tag-cool","13":"product_tag-einfugen","14":"product_tag-kalteschutz","15":"product_tag-klebrig","16":"product_tag-metalclay","17":"product_tag-metallton","18":"product_tag-mini","19":"product_tag-olivenol","20":"product_tag-schwalbe","21":"product_tag-silberton","22":"product_tag-stanzen","23":"product_tag-strukturen","24":"product_tag-strukturierte-platten","25":"product_tag-tester","26":"product_tag-texturen","27":"product_tag-texturierter-gummi","28":"product_tag-trennmittel","29":"product_tag-werkzeuge","30":"product_shipping_class-standard","32":"first","33":"instock","34":"taxable","35":"shipping-taxable","36":"purchasable","37":"product-type-simple"},"acf":[],"_links":{"self":[{"href":"https:\/\/esquell.eu\/de\/wp-json\/wp\/v2\/product\/11995","targetHints":{"allow":["GET"]}}],"collection":[{"href":"https:\/\/esquell.eu\/de\/wp-json\/wp\/v2\/product"}],"about":[{"href":"https:\/\/esquell.eu\/de\/wp-json\/wp\/v2\/types\/product"}],"replies":[{"embeddable":true,"href":"https:\/\/esquell.eu\/de\/wp-json\/wp\/v2\/comments?post=11995"}],"wp:featuredmedia":[{"embeddable":true,"href":"https:\/\/esquell.eu\/de\/wp-json\/wp\/v2\/media\/7155"}],"wp:attachment":[{"href":"https:\/\/esquell.eu\/de\/wp-json\/wp\/v2\/media?parent=11995"}],"wp:term":[{"taxonomy":"more","embeddable":true,"href":"https:\/\/esquell.eu\/de\/wp-json\/wp\/v2\/more?post=11995"},{"taxonomy":"product_brand","embeddable":true,"href":"https:\/\/esquell.eu\/de\/wp-json\/wp\/v2\/product_brand?post=11995"},{"taxonomy":"product_cat","embeddable":true,"href":"https:\/\/esquell.eu\/de\/wp-json\/wp\/v2\/product_cat?post=11995"},{"taxonomy":"product_tag","embeddable":true,"href":"https:\/\/esquell.eu\/de\/wp-json\/wp\/v2\/product_tag?post=11995"}],"curies":[{"name":"wp","href":"https:\/\/api.w.org\/{rel}","templated":true}]}}