{"id":11989,"date":"2025-04-03T09:10:57","date_gmt":"2025-04-03T09:10:57","guid":{"rendered":"https:\/\/esquell.eu\/product\/prometheus-weisse-bronze-tonerde-10-g-spruehpaste-3-mundvoll\/"},"modified":"2025-11-09T03:19:28","modified_gmt":"2025-11-09T03:19:28","slug":"prometheus-weisse-bronze-tonerde-10-g-spruehpaste-3-mundvoll","status":"publish","type":"product","link":"https:\/\/esquell.eu\/de\/produkt\/prometheus-weisse-bronze-tonerde-10-g-spruehpaste-3-mundvoll\/","title":{"rendered":"Prometheus Wei\u00dfe Bronze Tonerde 10 g Spr\u00fchpaste &#8211; 3 Mundvoll"},"content":{"rendered":"<p>Prometheus Wei\u00dfe Bronze Tonerde 10 g Spr\u00fchpaste &#8211; 3 Mundvoll<\/p>\n<p>Prometheus White Bronze Clay Spr\u00fchpaste ist eine fl\u00fcssige Paste und wird mit 3 D\u00fcsen geliefert. Prometheus WhiteBronze Clay kann bei Raumtemperatur gelagert werden und trocknet langsam. Viele Eigenschaften entsprechen denen von Silberlehm. Die Packung enth\u00e4lt 10 Gramm der Spr\u00fchpaste.   <\/p>\n<p>Kann verwendet werden, um feine Linien zu zeichnen und zarte Muster f\u00fcr durchbrochene St\u00fccke zu schaffen. Wie bei der Paste k\u00f6nnen Sie sie auf dem Ton anbringen, Risse usw. im Ton ausbessern und Muster und Texturen auftragen.  <\/p>\n<p>Es gibt drei verschiedene D\u00fcsen, die Sie auf die Spritze stecken k\u00f6nnen.<br \/>\nDie D\u00fcsen k\u00f6nnen auch auf eine noch gr\u00f6\u00dfere \u00d6ffnung getrimmt werden oder so, dass ein verformter Faden herauskommt.<\/p>\n<p>Stellen Sie die Spr\u00fchpaste mit D\u00fcse immer in eine Sch\u00fcssel mit Wasser, wenn Sie nicht damit arbeiten. So verhindern Sie, dass die Paste in der D\u00fcse austrocknet. <strong><br \/>\n<\/strong><\/p>\n","protected":false},"excerpt":{"rendered":"<p>Prometheus Wei\u00dfe Bronze Tonerde 10 g Spr\u00fchpaste &#8211; 3 Mundvoll<\/p>\n<p>Prometheus White Bronze Clay Spr\u00fchpaste ist eine fl\u00fcssige Paste und wird mit 3 D\u00fcsen geliefert. Prometheus WhiteBronze Clay kann bei Raumtemperatur gelagert werden und trocknet langsam. Viele Eigenschaften entsprechen denen von Silberlehm. Die Packung enth\u00e4lt 10 Gramm der Spr\u00fchpaste.   <\/p>\n<p>Kann verwendet werden, um feine Linien zu zeichnen und zarte Muster f\u00fcr durchbrochene St\u00fccke zu schaffen. Wie bei der Paste k\u00f6nnen Sie sie auf dem Ton anbringen, Risse usw. im Ton ausbessern und Muster und Texturen auftragen.  <\/p>\n<p>Es gibt drei verschiedene D\u00fcsen, die Sie auf die Spritze stecken k\u00f6nnen.<br \/>\nDie D\u00fcsen k\u00f6nnen auch auf eine noch gr\u00f6\u00dfere \u00d6ffnung getrimmt werden oder so, dass ein verformter Faden herauskommt.<\/p>\n<p>Stellen Sie die Spr\u00fchpaste mit D\u00fcse immer in eine Sch\u00fcssel mit Wasser, wenn Sie nicht damit arbeiten. So verhindern Sie, dass die Paste in der D\u00fcse austrocknet. <strong><br \/>\n<\/strong><\/p>\n<p>&nbsp;<\/p>\n","protected":false},"featured_media":12106,"comment_status":"closed","ping_status":"closed","template":"","meta":{"_acf_changed":false,"_seopress_robots_primary_cat":"none","_seopress_titles_title":"","_seopress_titles_desc":"","_seopress_robots_index":""},"more":[],"product_brand":[6518],"product_cat":[6519],"product_tag":[7387,6903,7392,6494,7390,6421,7133,6419,7389,6558,6490,6500,6556,6555,7211],"class_list":{"0":"post-11989","1":"product","2":"type-product","3":"status-publish","4":"has-post-thumbnail","6":"product_brand-prometheus","7":"product_cat-bronze-ton","8":"product_tag-bronze","9":"product_tag-bronze-ton","10":"product_tag-bronzeclay","11":"product_tag-diy","12":"product_tag-feuer","13":"product_tag-machen","14":"product_tag-prometheus","15":"product_tag-schmuck","16":"product_tag-schnell-niedrig","17":"product_tag-sie-selbst","18":"product_tag-silberton","19":"product_tag-ton-2","20":"product_tag-ton-3","21":"product_tag-weis","22":"product_tag-weis-3","23":"product_shipping_class-standard","25":"first","26":"instock","27":"taxable","28":"shipping-taxable","29":"purchasable","30":"product-type-simple"},"acf":[],"_links":{"self":[{"href":"https:\/\/esquell.eu\/de\/wp-json\/wp\/v2\/product\/11989","targetHints":{"allow":["GET"]}}],"collection":[{"href":"https:\/\/esquell.eu\/de\/wp-json\/wp\/v2\/product"}],"about":[{"href":"https:\/\/esquell.eu\/de\/wp-json\/wp\/v2\/types\/product"}],"replies":[{"embeddable":true,"href":"https:\/\/esquell.eu\/de\/wp-json\/wp\/v2\/comments?post=11989"}],"wp:featuredmedia":[{"embeddable":true,"href":"https:\/\/esquell.eu\/de\/wp-json\/wp\/v2\/media\/12106"}],"wp:attachment":[{"href":"https:\/\/esquell.eu\/de\/wp-json\/wp\/v2\/media?parent=11989"}],"wp:term":[{"taxonomy":"more","embeddable":true,"href":"https:\/\/esquell.eu\/de\/wp-json\/wp\/v2\/more?post=11989"},{"taxonomy":"product_brand","embeddable":true,"href":"https:\/\/esquell.eu\/de\/wp-json\/wp\/v2\/product_brand?post=11989"},{"taxonomy":"product_cat","embeddable":true,"href":"https:\/\/esquell.eu\/de\/wp-json\/wp\/v2\/product_cat?post=11989"},{"taxonomy":"product_tag","embeddable":true,"href":"https:\/\/esquell.eu\/de\/wp-json\/wp\/v2\/product_tag?post=11989"}],"curies":[{"name":"wp","href":"https:\/\/api.w.org\/{rel}","templated":true}]}}