{"id":11977,"date":"2025-04-03T09:10:57","date_gmt":"2025-04-03T09:10:57","guid":{"rendered":"https:\/\/esquell.eu\/product\/prometheus-weisser-bronzeton-verschiedene-inhalte\/"},"modified":"2026-03-13T09:50:17","modified_gmt":"2026-03-13T09:50:17","slug":"prometheus-weisser-bronzeton-verschiedene-inhalte","status":"publish","type":"product","link":"https:\/\/esquell.eu\/de\/produkt\/prometheus-weisser-bronzeton-verschiedene-inhalte\/","title":{"rendered":"Prometheus Wei\u00dfer Bronzeton Verschiedene Inhalte"},"content":{"rendered":"<p>Prometheus White Bronze Clay kann bei Zimmertemperatur gelagert werden und trocknet langsam, so dass Sie den Ton l\u00e4nger kneten und formen k\u00f6nnen. Viele Eigenschaften sind \u00e4hnlich wie bei Silberton. <\/p>\n<p><a href=\"https:\/\/esquell.eu\/kennisbank\/\"><strong><u>Siehe Wissensbasis f\u00fcr die Bearbeitung von Bronzeton<\/u><\/strong><strong><u>.<\/u><\/strong><\/a><\/p>\n<p>&nbsp;<\/p>\n<h3>Vorsicht! Das Erhitzen von White Bronze erfolgt nach einer anderen Methode. <\/h3>\n<p>Dies ist auch separat in der Wissensdatenbank aufgef\u00fchrt<\/p>\n","protected":false},"excerpt":{"rendered":"<p>Prometheus White Bronze Clay kann bei Zimmertemperatur gelagert werden und trocknet langsam, so dass Sie den Ton l\u00e4nger kneten und formen k\u00f6nnen. Viele Eigenschaften sind \u00e4hnlich wie bei Silberton. <\/p>\n<p>&nbsp;<\/p>\n<p><a href=\"https:\/\/www.esquell.nl\/c\/kennisbank\/bronsklei-bronze-clay-prometheus\"> <\/a><\/p>\n<p><a href=\"https:\/\/www.esquell.nl\/c\/kennisbank\/bronsklei-bronze-clay-prometheus\"><strong><u>Siehe Wissensdatenbank f\u00fcr die Methode des Bronzetons.  <\/u><\/strong><\/a><\/p>\n<p>&nbsp;<\/p>\n","protected":false},"featured_media":11979,"comment_status":"closed","ping_status":"closed","template":"","meta":{"_acf_changed":false,"_seopress_robots_primary_cat":"none","_seopress_titles_title":"","_seopress_titles_desc":"","_seopress_robots_index":""},"more":[],"product_brand":[6518],"product_cat":[6519,11955],"product_tag":[],"class_list":{"0":"post-11977","1":"product","2":"type-product","3":"status-publish","4":"has-post-thumbnail","6":"product_brand-prometheus","7":"product_cat-bronze-ton","8":"product_cat-neu","9":"product_shipping_class-standard","11":"first","12":"instock","13":"taxable","14":"shipping-taxable","15":"purchasable","16":"product-type-variable"},"acf":[],"_links":{"self":[{"href":"https:\/\/esquell.eu\/de\/wp-json\/wp\/v2\/product\/11977","targetHints":{"allow":["GET"]}}],"collection":[{"href":"https:\/\/esquell.eu\/de\/wp-json\/wp\/v2\/product"}],"about":[{"href":"https:\/\/esquell.eu\/de\/wp-json\/wp\/v2\/types\/product"}],"replies":[{"embeddable":true,"href":"https:\/\/esquell.eu\/de\/wp-json\/wp\/v2\/comments?post=11977"}],"wp:featuredmedia":[{"embeddable":true,"href":"https:\/\/esquell.eu\/de\/wp-json\/wp\/v2\/media\/11979"}],"wp:attachment":[{"href":"https:\/\/esquell.eu\/de\/wp-json\/wp\/v2\/media?parent=11977"}],"wp:term":[{"taxonomy":"more","embeddable":true,"href":"https:\/\/esquell.eu\/de\/wp-json\/wp\/v2\/more?post=11977"},{"taxonomy":"product_brand","embeddable":true,"href":"https:\/\/esquell.eu\/de\/wp-json\/wp\/v2\/product_brand?post=11977"},{"taxonomy":"product_cat","embeddable":true,"href":"https:\/\/esquell.eu\/de\/wp-json\/wp\/v2\/product_cat?post=11977"},{"taxonomy":"product_tag","embeddable":true,"href":"https:\/\/esquell.eu\/de\/wp-json\/wp\/v2\/product_tag?post=11977"}],"curies":[{"name":"wp","href":"https:\/\/api.w.org\/{rel}","templated":true}]}}