{"id":11951,"date":"2025-04-03T09:11:05","date_gmt":"2025-04-03T09:11:05","guid":{"rendered":"https:\/\/esquell.eu\/product\/spritzton-spritzen-5-gramm-acs-a-0278\/"},"modified":"2025-12-22T11:12:18","modified_gmt":"2025-12-22T11:12:18","slug":"spritzton-spritzen-5-gramm-acs-a-0278","status":"publish","type":"product","link":"https:\/\/esquell.eu\/de\/produkt\/spritzton-spritzen-5-gramm-acs-a-0278\/","title":{"rendered":"Spritzton \/ Spritzen 5 Gramm ACS (A-0278)"},"content":{"rendered":"<p>Bei diesem Produkt wird der Tonart eine bestimmte Menge Wasser zugesetzt, gr\u00fcndlich geknetet und dann in einer leeren Spritze aufgetragen. Kann verwendet werden, um feine Linien zu zeichnen und zarte Muster f\u00fcr durchbrochene St\u00fccke zu schaffen. Wie bei der Paste k\u00f6nnen Sie sie auf dem Ton anbringen, Risse usw. im Ton ausbessern und Muster und Texturen auftragen.   <\/p>\n<p>Es gibt drei verschiedene <a href=\"https:\/\/esquell.eu\/de\/produkt\/duese-verschiedene-farben-durchmesser\/\">D\u00fcsen<\/a>, die Sie auf die Spritze stecken k\u00f6nnen. Blau = d\u00fcnn | Gr\u00fcn = mittel | Grau = dick. Dieses Produkt wird ohne D\u00fcse geliefert.<\/p>\n<p>Die D\u00fcsen k\u00f6nnen auch auf eine noch gr\u00f6\u00dfere \u00d6ffnung getrimmt werden oder so, dass ein deformierter Faden herauskommt.<\/p>\n<p>Legen Sie die Spr\u00fchpaste mit D\u00fcse immer in eine Sch\u00fcssel mit Wasser, wenn Sie sie nicht benutzen.<br \/>\nDies verhindert, dass die Paste in der D\u00fcse austrocknet.<\/p>\n","protected":false},"excerpt":{"rendered":"<p><strong>ANGEBOT \u20ac 13,95 pro St\u00fcck bei Bestellung von 3 St\u00fcck<\/strong><\/p>\n<p>&nbsp;<\/p>\n<p>Bei diesem Produkt wird der Tonart eine bestimmte Menge Wasser zugesetzt, gr\u00fcndlich geknetet und dann in einer leeren Spritze aufgetragen. Kann verwendet werden, um feine Linien zu zeichnen und zarte Muster f\u00fcr durchbrochene St\u00fccke zu schaffen. Wie bei der Paste k\u00f6nnen Sie sie auf dem Ton anbringen, Risse usw. im Ton ausbessern und Muster und Texturen auftragen.   <\/p>\n<p>Es gibt drei verschiedene D\u00fcsen, die Sie auf die Spritze setzen k\u00f6nnen. Blau = d\u00fcnn | Gr\u00fcn = mittel | Grau = dick. Dieses Produkt wird ohne D\u00fcse geliefert.  <\/p>\n<p style=\"text-align: justify;\">Die D\u00fcsen k\u00f6nnen auch auf eine noch gr\u00f6\u00dfere \u00d6ffnung getrimmt werden oder so, dass ein deformierter Faden herauskommt.<\/p>\n<p>Legen Sie die Spr\u00fchpaste mit D\u00fcse immer in eine Sch\u00fcssel mit Wasser, wenn Sie nicht damit arbeiten.<br \/>\nDies verhindert das Austrocknen der Paste in der D\u00fcse<\/p>\n","protected":false},"featured_media":12135,"comment_status":"closed","ping_status":"closed","template":"","meta":{"_acf_changed":false,"_seopress_robots_primary_cat":"none","_seopress_titles_title":"","_seopress_titles_desc":"","_seopress_robots_index":""},"more":[],"product_brand":[6413],"product_cat":[6414],"product_tag":[6466,6468,6469,7573,6464,7575],"class_list":{"0":"post-11951","1":"product","2":"type-product","3":"status-publish","4":"has-post-thumbnail","6":"product_brand-acs","7":"product_cat-silber-ton-art-clay-silber","8":"product_tag-diese-silberknete-besteht-zu-99-aus-silber","9":"product_tag-fast-alle-erdenklichen-formen-konnen-damit-hergestellt-werden","10":"product_tag-glatter-schlichter-schmuck-oder-verziert","11":"product_tag-kunstvoller-oder-organischer-schmuck-der-metallton-kann-mit-glas-kombiniert-werden","12":"product_tag-stein","13":"product_tag-uv-harz","14":"product_shipping_class-standard","16":"first","17":"instock","18":"taxable","19":"shipping-taxable","20":"purchasable","21":"product-type-simple"},"acf":[],"_links":{"self":[{"href":"https:\/\/esquell.eu\/de\/wp-json\/wp\/v2\/product\/11951","targetHints":{"allow":["GET"]}}],"collection":[{"href":"https:\/\/esquell.eu\/de\/wp-json\/wp\/v2\/product"}],"about":[{"href":"https:\/\/esquell.eu\/de\/wp-json\/wp\/v2\/types\/product"}],"replies":[{"embeddable":true,"href":"https:\/\/esquell.eu\/de\/wp-json\/wp\/v2\/comments?post=11951"}],"wp:featuredmedia":[{"embeddable":true,"href":"https:\/\/esquell.eu\/de\/wp-json\/wp\/v2\/media\/12135"}],"wp:attachment":[{"href":"https:\/\/esquell.eu\/de\/wp-json\/wp\/v2\/media?parent=11951"}],"wp:term":[{"taxonomy":"more","embeddable":true,"href":"https:\/\/esquell.eu\/de\/wp-json\/wp\/v2\/more?post=11951"},{"taxonomy":"product_brand","embeddable":true,"href":"https:\/\/esquell.eu\/de\/wp-json\/wp\/v2\/product_brand?post=11951"},{"taxonomy":"product_cat","embeddable":true,"href":"https:\/\/esquell.eu\/de\/wp-json\/wp\/v2\/product_cat?post=11951"},{"taxonomy":"product_tag","embeddable":true,"href":"https:\/\/esquell.eu\/de\/wp-json\/wp\/v2\/product_tag?post=11951"}],"curies":[{"name":"wp","href":"https:\/\/api.w.org\/{rel}","templated":true}]}}