{"id":11939,"date":"2025-04-03T09:11:15","date_gmt":"2025-04-03T09:11:15","guid":{"rendered":"https:\/\/esquell.eu\/product\/pipe-rager-mini-buerste\/"},"modified":"2025-11-09T08:17:26","modified_gmt":"2025-11-09T08:17:26","slug":"pipe-rager-mini-buerste","status":"publish","type":"product","link":"https:\/\/esquell.eu\/de\/produkt\/pipe-rager-mini-buerste\/","title":{"rendered":"Pipe Rager Mini B\u00fcrste"},"content":{"rendered":"<p>Rager, Minib\u00fcrste, B\u00fcrsten, Pfeifenreiniger<\/p>\n<p>Zum Reinigen\/B\u00fcrsten schwer zug\u00e4nglicher Stellen<\/p>\n","protected":false},"excerpt":{"rendered":"<p>Rager, Minib\u00fcrste, Pinsel, Pfeifenreiniger f\u00fcr schwer zug\u00e4ngliche Stellen<\/p>\n","protected":false},"featured_media":7075,"comment_status":"closed","ping_status":"closed","template":"","meta":{"_acf_changed":false,"_seopress_robots_primary_cat":"none","_seopress_titles_title":"","_seopress_titles_desc":"","_seopress_robots_index":""},"more":[],"product_brand":[6365],"product_cat":[6367],"product_tag":[6375,6380,6392,21584,6373,6387,6371,6384,6377,6394,6379],"class_list":{"0":"post-11939","1":"product","2":"type-product","3":"status-publish","4":"has-post-thumbnail","6":"product_brand-l1","7":"product_cat-erganzende-materialien","8":"product_tag-burste","9":"product_tag-flecken","10":"product_tag-innerhalb","11":"product_tag-innerhalb-4","12":"product_tag-mini","13":"product_tag-pfeifenreiniger","14":"product_tag-piperager","15":"product_tag-reinigung","16":"product_tag-schwierig","17":"product_tag-unter","18":"product_tag-zuganglich","19":"product_shipping_class-standard","21":"first","22":"instock","23":"taxable","24":"shipping-taxable","25":"purchasable","26":"product-type-simple"},"acf":[],"_links":{"self":[{"href":"https:\/\/esquell.eu\/de\/wp-json\/wp\/v2\/product\/11939","targetHints":{"allow":["GET"]}}],"collection":[{"href":"https:\/\/esquell.eu\/de\/wp-json\/wp\/v2\/product"}],"about":[{"href":"https:\/\/esquell.eu\/de\/wp-json\/wp\/v2\/types\/product"}],"replies":[{"embeddable":true,"href":"https:\/\/esquell.eu\/de\/wp-json\/wp\/v2\/comments?post=11939"}],"wp:featuredmedia":[{"embeddable":true,"href":"https:\/\/esquell.eu\/de\/wp-json\/wp\/v2\/media\/7075"}],"wp:attachment":[{"href":"https:\/\/esquell.eu\/de\/wp-json\/wp\/v2\/media?parent=11939"}],"wp:term":[{"taxonomy":"more","embeddable":true,"href":"https:\/\/esquell.eu\/de\/wp-json\/wp\/v2\/more?post=11939"},{"taxonomy":"product_brand","embeddable":true,"href":"https:\/\/esquell.eu\/de\/wp-json\/wp\/v2\/product_brand?post=11939"},{"taxonomy":"product_cat","embeddable":true,"href":"https:\/\/esquell.eu\/de\/wp-json\/wp\/v2\/product_cat?post=11939"},{"taxonomy":"product_tag","embeddable":true,"href":"https:\/\/esquell.eu\/de\/wp-json\/wp\/v2\/product_tag?post=11939"}],"curies":[{"name":"wp","href":"https:\/\/api.w.org\/{rel}","templated":true}]}}