{"id":10903,"date":"2025-02-11T11:34:25","date_gmt":"2025-02-11T11:34:25","guid":{"rendered":"https:\/\/esquell.eu\/cookie-richtlinie\/"},"modified":"2025-11-04T14:19:20","modified_gmt":"2025-11-04T14:19:20","slug":"cookie-richtlinie","status":"publish","type":"page","link":"https:\/\/esquell.eu\/de\/cookie-richtlinie\/","title":{"rendered":"Cookie-Richtlinie"},"content":{"rendered":"\n<div class=\"block block-text my-5 my-lg-7\">\n            <div class=\"container\">\n                <div class=\"row\">\n                <div class=\"col-12 col-lg-10 col-xxl-8 mx-auto\">\n                    <p>Unsere Website verwendet Cookies, um Ihr Einkaufserlebnis zu verbessern. Einige Cookies sind f\u00fcr die grundlegende Funktionalit\u00e4t des Shops erforderlich (z.B. der Warenkorb), andere Cookies helfen uns, das Online-Angebot zu verbessern und effizient zu arbeiten. Sie k\u00f6nnen alle Cookies akzeptieren, indem Sie &#8220;Alle akzeptieren&#8221; w\u00e4hlen. Sie k\u00f6nnen auch &#8220;Erforderlich akzeptieren&#8221; w\u00e4hlen, um nur die erforderlichen Cookies zu akzeptieren. Sie k\u00f6nnen Ihre Wahl sp\u00e4ter auf der Seite mit der Cookie-Erkl\u00e4rung jederzeit \u00e4ndern. Weitere Informationen finden Sie in unseren rechtlichen Hinweisen und unserer Datenschutzrichtlinie     <\/p>\n\n                                    <\/div>\n            <\/div>\n            <\/div>\n    <\/div>","protected":false},"excerpt":{"rendered":"","protected":false},"author":1,"featured_media":0,"parent":0,"menu_order":0,"comment_status":"closed","ping_status":"closed","template":"","meta":{"_acf_changed":false,"_seopress_robots_primary_cat":"","_seopress_titles_title":"","_seopress_titles_desc":"","_seopress_robots_index":"","footnotes":""},"class_list":["post-10903","page","type-page","status-publish","hentry"],"acf":[],"_links":{"self":[{"href":"https:\/\/esquell.eu\/de\/wp-json\/wp\/v2\/pages\/10903","targetHints":{"allow":["GET"]}}],"collection":[{"href":"https:\/\/esquell.eu\/de\/wp-json\/wp\/v2\/pages"}],"about":[{"href":"https:\/\/esquell.eu\/de\/wp-json\/wp\/v2\/types\/page"}],"author":[{"embeddable":true,"href":"https:\/\/esquell.eu\/de\/wp-json\/wp\/v2\/users\/1"}],"replies":[{"embeddable":true,"href":"https:\/\/esquell.eu\/de\/wp-json\/wp\/v2\/comments?post=10903"}],"version-history":[{"count":1,"href":"https:\/\/esquell.eu\/de\/wp-json\/wp\/v2\/pages\/10903\/revisions"}],"predecessor-version":[{"id":10904,"href":"https:\/\/esquell.eu\/de\/wp-json\/wp\/v2\/pages\/10903\/revisions\/10904"}],"wp:attachment":[{"href":"https:\/\/esquell.eu\/de\/wp-json\/wp\/v2\/media?parent=10903"}],"curies":[{"name":"wp","href":"https:\/\/api.w.org\/{rel}","templated":true}]}}