{"id":10885,"date":"2025-02-11T11:34:33","date_gmt":"2025-02-11T11:34:33","guid":{"rendered":"https:\/\/esquell.eu\/zahlung-und-lieferung\/"},"modified":"2025-11-04T14:10:41","modified_gmt":"2025-11-04T14:10:41","slug":"zahlung-und-lieferung","status":"publish","type":"page","link":"https:\/\/esquell.eu\/de\/zahlung-und-lieferung\/","title":{"rendered":"Zahlung und Lieferung"},"content":{"rendered":"\n<div class=\"block block-text my-5 my-lg-7\">\n            <div class=\"container\">\n                <div class=\"row\">\n                <div class=\"col-12 col-lg-10 col-xxl-8 mx-auto\">\n                    <h1>Versand und Lieferung<\/h1>\n<p>&nbsp;<\/p>\n<p>Wir werden Ihre Bestellung so schnell wie m\u00f6glich nach Zahlungseingang verpacken und versenden.<\/p>\n<p>Wenn wir Ihre Bestellung und Zahlung vor 16:00 Uhr erhalten haben, k\u00f6nnen wir in den meisten F\u00e4llen noch am selben Tag versenden. Bestellungen werden in der Reihenfolge des Eingangs der Zahlung bearbeitet. Dies alles gilt nat\u00fcrlich nur zu Sto\u00dfzeiten und\/oder an Feiertagen.  <\/p>\n<p>&nbsp;<\/p>\n<p>Unser Ziel ist es, Ihre Bestellung sp\u00e4testens innerhalb von 2 Werktagen nach Zahlungseingang zu versenden. Sollte dies wider Erwarten l\u00e4nger dauern, werden wir Sie kontaktieren. <\/p>\n<p>&nbsp;<\/p>\n<p>Sobald wir die Bestellung an den Zusteller \u00fcbergeben haben, ist unser Einfluss auf die Geschwindigkeit der Zustellung gleich null. Die meisten Sendungen werden einfach am n\u00e4chsten Tag oder manchmal schon nach 2 Tagen zugestellt. Bedenken Sie jedoch, dass die Post bis zu 5 Arbeitstage f\u00fcr die Zustellung Ihrer Sendung ben\u00f6tigen kann.  <\/p>\n<p>&nbsp;<\/p>\n<p>Die Versandtarife enthalten die Mehrwertsteuer, die Verpackung, den Umschlag, die Portokosten wie Briefmarken oder Paketkosten und andere Kosten. Da die Preise steigen, \u00fcbernehmen wir immer mehr dieser Kosten. <\/p>\n<p>&nbsp;<\/p>\n<p>Kosten f\u00fcr den Versand<\/p>\n<p><strong>Niederlande:<\/strong><\/p>\n<p>F\u00fcr den Versand von Paketen, die bis zu 30 kg wiegen und nicht gr\u00f6\u00dfer als 100 x 70 x 58 cm sind, gilt ein einheitlicher Tarif. Das ist ganz klar. <\/p>\n<p>Wir versenden immer mit Track &amp; Trace.<\/p>\n<p>Der Versand ist versichert.<\/p>\n<p>Die Versandkosten betragen 6,75 \u20ac pro Paket.<\/p>\n<p>Bei Bestellungen \u00fcber 125 \u20ac ist der Versand kostenlos.<\/p>\n<p>&nbsp;<\/p>\n<p><strong>Belgien, Deutschland, Frankreich und Luxemburg<\/strong><\/p>\n<p>F\u00fcr Paketsendungen mit einem Gewicht von bis zu 30 kg und maximal 100 x wenden wir einen einheitlichen Tarif an. Das ist ganz klar. <\/p>\n<p>Wir versenden immer mit Track &amp; Trace.<\/p>\n<p>Der Versand ist versichert.<\/p>\n<p>Die Versandkosten betragen 8,75 \u20ac pro Paket.<\/p>\n<p>Bei Bestellungen \u00fcber 125 \u20ac ist der Versand kostenlos.<\/p>\n<p>&nbsp;<\/p>\n<p><strong>Andere L\u00e4nder Europa<\/strong><\/p>\n<p>Die Versandkosten werden automatisch pro Sendung berechnet.<\/p>\n<p>Die Sendung wird immer versichert verschickt.<\/p>\n<p>Wir versenden immer mit Track &amp; Trace<\/p>\n<p>&nbsp;<\/p>\n<p><strong>Liefer- und Zahlungsbedingungen<\/strong><\/p>\n<p>Wir liefern Artikel zu den folgenden Bedingungen:<\/p>\n<p>Lieferung solange der Vorrat reicht.<\/p>\n<p><strong>Zahlungsbedingungen:<\/strong><\/p>\n<p>Die Bezahlung erfolgt \u00fcber die im Online-Shop angebotenen Zahlungsarten.<\/p>\n<p>Idealerweise laufen Zahlungen \u00fcber Molly Pay<\/p>\n<p>Artikel, die auf Lager sind, werden innerhalb von maximal 3 Arbeitstagen nach Zahlungseingang versandt, aber wir bem\u00fchen uns, sie so schnell wie m\u00f6glich nach Zahlungseingang zu versenden.<\/p>\n<p>Irrt\u00fcmer und Preis\u00e4nderungen vorbehalten. Hieraus k\u00f6nnen keine Rechte abgeleitet werden. <\/p>\n<p><strong>Zahlungsm\u00f6glichkeiten:<\/strong><\/p>\n<p>Es werden alle bekannten Zahlungsarten akzeptiert. Ideale Zahlungen werden \u00fcber Mollie Pay abgewickelt. <\/p>\n<p><strong>Kollektion<\/strong><\/p>\n<p>Nach Vereinbarung ist es m\u00f6glich, Ihre Bestellung in Kamperveen abzuholen.<\/p>\n<p><strong>Artikel, die nicht mehr geliefert werden k\u00f6nnen:<\/strong><\/p>\n<p>Wenn Sie bezahlt haben und sich herausstellt, dass die Artikel nicht auf Lager oder nicht mehr verf\u00fcgbar sind, werden wir Sie kontaktieren. In Absprache mit Ihnen werden wir eine geeignete L\u00f6sung finden, die aus einem Ersatzartikel oder einer R\u00fcckerstattung Ihrer Zahlung bestehen kann. <\/p>\n<p><strong>Farben, Zahlen, Kompositionen und Gr\u00f6\u00dfen:<\/strong><\/p>\n<p>Farben, Verkaufsmengen, Zusammensetzung und Abmessungen der Artikel werden in der Beschreibung erw\u00e4hnt. Die Farben auf dem Foto k\u00f6nnen immer leicht von der Realit\u00e4t abweichen. Die Ma\u00dfe der Artikel k\u00f6nnen leicht variieren und sind immer als ungef\u00e4hre Ma\u00dfe zu verstehen. Viele Artikel werden gewogen, die Zahl in einer Verkaufseinheit ist keine genaue Zahl, sondern eine ungef\u00e4hre Zahl. Eine Abweichung von bis zu 5% bei der Anzahl oder den Ma\u00dfen ist normal und wird im Falle eines Mangels nicht zur\u00fcckerstattet oder im Falle einer zu hohen Anzahl von Artikeln zur\u00fcckverlangt. Bei Farbabweichungen kann es sich aufgrund von Foto- und Lichtunterschieden um eine geringe Anzahl von Nuancen heller oder dunkler handeln.     <\/p>\n<p>Esquell haftet nicht f\u00fcr Artikel, die durch eine nicht bestimmungsgem\u00e4\u00dfe oder falsche Verwendung kaputt gehen oder Sch\u00e4den verursachen, und auch nicht, wenn Warnhinweise oder Gebrauchsanweisungen auf separat gelieferten Verpackungen oder in der Artikelbeschreibung im Webshop nicht befolgt werden.<\/p>\n<p>&nbsp;<\/p>\n<p><strong>Versand:<\/strong><\/p>\n<p>Innerhalb der Niederlande:<\/p>\n<p>Um Ihre Bestellung an Ihre Adresse innerhalb der Niederlande zu senden, geben wir sie in Ihrem Namen und auf Ihre Rechnung bei PostNL auf. Gegen die im Einkaufswagen angegebenen Versandkosten f\u00fcr Verpackung, Bearbeitung und Porto wird Ihre Bestellung zu Ihnen nach Hause geliefert. Diese Versandkosten sind auf Ihrer Rechnung angegeben.  <\/p>\n<p>&nbsp;<\/p>\n<p>Au\u00dferhalb der Niederlande, aber innerhalb Europas:<\/p>\n<p>F\u00fcr den Versand ins Ausland (innerhalb Europas) bieten wir Ihnen den Versand zu den Versandkosten an, die bei der Bestellung im Warenkorb aufgef\u00fchrt sind oder die Ihnen nach der Bestellung per E-Mail mitgeteilt werden. Diese Kosten werden auch auf Ihrer Rechnung ausgewiesen. Ihre Bestellung wird versichert verschickt.  <\/p>\n<p>&nbsp;<\/p>\n<p>Esquell ist nicht verantwortlich f\u00fcr falsch angegebene und\/oder falsch eingegebene Adressdaten durch den Kunden, wodurch die Bestellungen nicht an der richtigen Adresse ankommen.<\/p>\n<p>Esquell ist auch nicht verantwortlich f\u00fcr zus\u00e4tzliche Kosten f\u00fcr Bestellungen, die von der Post zur\u00fcckgeschickt werden, weil sie nicht angekommen sind, vom Empf\u00e4nger nicht abgeholt wurden oder wegen zu kleiner oder voller Briefk\u00e4sten zur\u00fcckgeschickt wurden. Wenn wir diese Bestellung erneut versenden m\u00fcssen, m\u00fcssen Sie daf\u00fcr erneut die \u00fcblichen Versandkosten bezahlen. <\/p>\n<p>&nbsp;<\/p>\n<p><strong>Umtausch oder R\u00fcckgabe von Artikeln:<\/strong><\/p>\n<p>Beim Umtausch von Artikeln halten wir uns an das Widerrufsrecht. Das Widerrufsrecht gilt nur f\u00fcr Privatpersonen, nicht f\u00fcr Unternehmen. <\/p>\n<p>F\u00fcr einen Widerruf m\u00fcssen Sie uns vor der R\u00fccksendung, jedoch innerhalb von 14 Tagen nach Erhalt der Artikel, schriftlich kontaktieren, entweder per E-Mail oder \u00fcber das R\u00fccksendeformular.<\/p>\n<p>Dieses sollte ausgef\u00fcllt und zusammen mit den Artikeln, die Sie zur\u00fcckgeben m\u00f6chten, an Esquell geschickt werden. R\u00fccksendungen, die nicht kontaktiert wurden, k\u00f6nnen nicht angenommen werden. <\/p>\n<p>Eine Wertminderung des Produkts aufgrund von Gebrauchssch\u00e4den oder fehlender Originalverpackung kann ggf. mit dem Kaufpreis verrechnet werden. Die Versandkosten f\u00fcr R\u00fccksendungen gehen zu Ihren eigenen Lasten. <\/p>\n<p>&nbsp;<\/p>\n<p>Wenn die Artikel auf den Namen des Unternehmens gekauft werden, behalten wir uns das Recht vor, die R\u00fcckgabe abzulehnen oder andere Vereinbarungen mit Ihnen zu treffen. Die Versandkosten f\u00fcr den R\u00fcckversand werden in diesem Fall nicht erstattet. <\/p>\n<p>&nbsp;<\/p>\n<p>Der zur\u00fcckgesandte Artikel muss ordnungsgem\u00e4\u00df verpackt und ausreichend frankiert sein. Die Kosten f\u00fcr die R\u00fccksendung gehen zu Lasten des K\u00e4ufers. <\/p>\n<p>&nbsp;<\/p>\n<p>Defekte Artikel werden repariert oder gegen einen guten Artikel ausgetauscht, sofern vorr\u00e4tig. Ein neuer Artikel wird Ihnen dann kostenlos zugeschickt. Sollte dieser Artikel nicht mehr verf\u00fcgbar oder reparaturf\u00e4hig sein, wird Ihnen Ihr Geld zur\u00fcckerstattet.  <\/p>\n<p>&nbsp;<\/p>\n<p>Um Artikel umzutauschen, m\u00fcssen wir zun\u00e4chst den Artikel zur\u00fcckerhalten. Wenn dieser in einwandfreiem Zustand bei uns eingeht, schicken wir Ihnen den neuen Artikel zu. <\/p>\n<p>&nbsp;<\/p>\n<p><strong>In Auftrag gegebene Artikel:<\/strong><\/p>\n<p>Artikel, die speziell angefertigt oder auf Bestellung bestellt wurden, k\u00f6nnen nach der Bestellung\/Lieferung nicht zur\u00fcckgenommen werden, da es sich um Sonderanfertigungen handelt.<\/p>\n<p>&nbsp;<\/p>\n<p><strong>Gek\u00fcrzte\/bearbeitete Artikel:<\/strong><\/p>\n<p>F\u00fcr Sie zugeschnittenes oder bearbeitetes Material kann nicht zur\u00fcckgenommen werden<\/p>\n<p>&nbsp;<\/p>\n\n                                    <\/div>\n            <\/div>\n            <\/div>\n    <\/div>","protected":false},"excerpt":{"rendered":"","protected":false},"author":1,"featured_media":0,"parent":0,"menu_order":0,"comment_status":"closed","ping_status":"closed","template":"","meta":{"_acf_changed":false,"_seopress_robots_primary_cat":"","_seopress_titles_title":"","_seopress_titles_desc":"","_seopress_robots_index":"","footnotes":""},"class_list":["post-10885","page","type-page","status-publish","hentry"],"acf":[],"_links":{"self":[{"href":"https:\/\/esquell.eu\/de\/wp-json\/wp\/v2\/pages\/10885","targetHints":{"allow":["GET"]}}],"collection":[{"href":"https:\/\/esquell.eu\/de\/wp-json\/wp\/v2\/pages"}],"about":[{"href":"https:\/\/esquell.eu\/de\/wp-json\/wp\/v2\/types\/page"}],"author":[{"embeddable":true,"href":"https:\/\/esquell.eu\/de\/wp-json\/wp\/v2\/users\/1"}],"replies":[{"embeddable":true,"href":"https:\/\/esquell.eu\/de\/wp-json\/wp\/v2\/comments?post=10885"}],"version-history":[{"count":1,"href":"https:\/\/esquell.eu\/de\/wp-json\/wp\/v2\/pages\/10885\/revisions"}],"predecessor-version":[{"id":10886,"href":"https:\/\/esquell.eu\/de\/wp-json\/wp\/v2\/pages\/10885\/revisions\/10886"}],"wp:attachment":[{"href":"https:\/\/esquell.eu\/de\/wp-json\/wp\/v2\/media?parent=10885"}],"curies":[{"name":"wp","href":"https:\/\/api.w.org\/{rel}","templated":true}]}}