{"id":10873,"date":"2025-02-18T12:34:33","date_gmt":"2025-02-18T12:34:33","guid":{"rendered":"https:\/\/esquell.eu\/art-clay-academy\/"},"modified":"2025-11-04T14:05:50","modified_gmt":"2025-11-04T14:05:50","slug":"art-clay-academy","status":"publish","type":"page","link":"https:\/\/esquell.eu\/de\/art-clay-academy\/","title":{"rendered":"Art Clay Academy"},"content":{"rendered":"\n\n\n<div class=\"block block-img-text my-5 my-lg-7\">\n    <div class=\"container\">\n\n                    <div class=\"row align-items-center\">\n                <div class=\"col-12 col-lg-5 offset-0 offset-lg-0\">\n                    <div class=\"img-wrapper mb-4 mb-lg-0\">\n                                                    <img decoding=\"async\" width=\"427\" height=\"427\" src=\"https:\/\/esquell.eu\/app\/uploads\/2025\/03\/logo.jpg\" class=\"attachment-large size-large\" alt=\"\" srcset=\"https:\/\/esquell.eu\/app\/uploads\/2025\/03\/logo.jpg 427w, https:\/\/esquell.eu\/app\/uploads\/2025\/03\/logo-300x300.jpg 300w, https:\/\/esquell.eu\/app\/uploads\/2025\/03\/logo-150x150.jpg 150w, https:\/\/esquell.eu\/app\/uploads\/2025\/03\/logo-100x100.jpg 100w\" sizes=\"auto, (max-width: 427px) 100vw, 427px\" loading=\"lazy\" \/>                                            <\/div>\n                <\/div>\n                <div class=\"col-12 col-lg-6 mx-auto\">\n                    <p><strong>Art Clay Academy<\/strong><\/p>\n<p>Die Art Clay Academy ist eine Plattform f\u00fcr alle, die mit Art Clay arbeiten oder arbeiten wollen, wie z.B. Lehrer, Ausbilder, Gesch\u00e4fte, Studenten, K\u00fcnstler, Schmuckhersteller, Verbraucher, etc.<\/p>\n<p>Hier finden Sie Art Clay Workshops und Trainingskurse. Tipps und Inspiration f\u00fcr die Arbeit mit Art Clay. Informationen \u00fcber Gesch\u00e4fte, die die professionellen Art Clay Produkte verkaufen. Das Rabattsystem f\u00fcr zertifizierte Ausbilder und vieles mehr.   <\/p>\n<p>&nbsp;<\/p>\n\n                    \n\n\n                <\/div>\n            <\/div>\n\n        \n    <\/div>\n<\/div>\n\n\n<div class=\"block block-img-text my-5 my-lg-7\">\n    <div class=\"container\">\n\n                    <div class=\"row align-items-center\">\n                <div class=\"col-12 col-lg-5 offset-0 offset-lg-0\">\n                    <div class=\"img-wrapper mb-4 mb-lg-0\">\n                                                    <img decoding=\"async\" width=\"389\" height=\"391\" src=\"https:\/\/esquell.eu\/app\/uploads\/2025\/03\/kaartje-gm-1.jpg\" class=\"attachment-large size-large\" alt=\"\" srcset=\"https:\/\/esquell.eu\/app\/uploads\/2025\/03\/kaartje-gm-1.jpg 389w, https:\/\/esquell.eu\/app\/uploads\/2025\/03\/kaartje-gm-1-298x300.jpg 298w, https:\/\/esquell.eu\/app\/uploads\/2025\/03\/kaartje-gm-1-150x150.jpg 150w, https:\/\/esquell.eu\/app\/uploads\/2025\/03\/kaartje-gm-1-100x100.jpg 100w\" sizes=\"auto, (max-width: 389px) 100vw, 389px\" loading=\"lazy\" \/>                                            <\/div>\n                <\/div>\n                <div class=\"col-12 col-lg-6 mx-auto\">\n                    <p><strong>Ausbilder suchen<\/strong><\/p>\n<p>Ein Freundinnentag, ein Junggesellenabschied, ein Familientag, ein Betriebsausflug, ein Teamausflug, ein Teambuilding, ein Mutter-Tochter-Ausflug, ein Schwesterntag, das Herstellen von Partnerringen oder ein (individueller) Workshop f\u00fcr Sie selbst?<\/p>\n<p>Ein Art Clay Silver Workshop macht immer Spa\u00df.<\/p>\n<p>Ein zertifizierter Ausbilder bringt Ihnen bei, wie Sie mit Art Clay Silver arbeiten und welche Werkzeuge Sie daf\u00fcr ben\u00f6tigen.<\/p>\n<p><a href=\"https:\/\/www.google.com\/maps\/d\/viewer?mid=1b3VJ1bQ0aOfrx1tuZJQ-tQZMgLo8iEqU&amp;ll=53.536744224886775%2C-0.14352527426162442&amp;z=6\">Finden Sie einen Ausbilder<\/a><\/p>\n<p><strong>Workshops und Kurzkurse zur Schmuckherstellung mit Art Clay \/ Metal Clay<\/strong><\/p>\n<p>Workshops und Kurse bei Ihnen zu Hause, in Ihrem Unternehmen, in einer der Werkst\u00e4tten oder an einem besonderen Ort.<\/p>\n<p>In wenigen einfachen Schritten stellen Sie Ihr eigenes einzigartiges und dauerhaftes Schmuckst\u00fcck her.<br \/>\nEin zertifizierter Kursleiter zeigt Ihnen, wie Sie mit Art Clay arbeiten und welche Werkzeuge Sie ben\u00f6tigen.<\/p>\n\n                    \n\n\n                <\/div>\n            <\/div>\n\n        \n    <\/div>\n<\/div>\n\n\n<div class=\"block block-img-text my-5 my-lg-7\">\n    <div class=\"container\">\n\n                    <div class=\"row align-items-center\">\n                <div class=\"col-12 col-lg-5 offset-0 offset-lg-0\">\n                    <div class=\"img-wrapper mb-4 mb-lg-0\">\n                                                    <img decoding=\"async\" width=\"640\" height=\"640\" src=\"https:\/\/esquell.eu\/app\/uploads\/2025\/03\/NW-workshops-1024x1024.png\" class=\"attachment-large size-large\" alt=\"\" srcset=\"https:\/\/esquell.eu\/app\/uploads\/2025\/03\/NW-workshops-1024x1024.png 1024w, https:\/\/esquell.eu\/app\/uploads\/2025\/03\/NW-workshops-300x300.png 300w, https:\/\/esquell.eu\/app\/uploads\/2025\/03\/NW-workshops-150x150.png 150w, https:\/\/esquell.eu\/app\/uploads\/2025\/03\/NW-workshops-768x768.png 768w, https:\/\/esquell.eu\/app\/uploads\/2025\/03\/NW-workshops-600x600.png 600w, https:\/\/esquell.eu\/app\/uploads\/2025\/03\/NW-workshops-100x100.png 100w, https:\/\/esquell.eu\/app\/uploads\/2025\/03\/NW-workshops.png 1080w\" sizes=\"auto, (max-width: 640px) 100vw, 640px\" loading=\"lazy\" \/>                                            <\/div>\n                <\/div>\n                <div class=\"col-12 col-lg-6 mx-auto\">\n                    <p><strong>Grundlegender Workshop f\u00fcr Schmuck aus Silberton<\/strong><\/p>\n<p>In einem Basis-Workshop lernen Sie den richtigen Umgang mit dem Silberton und die korrekte Anwendung der Werkzeuge. Es werden professionelle Art Clay-Materialien und -Produkte verwendet und der Unterricht wird von zertifizierten Art Clay-Lehrern erteilt. <\/p>\n<p>W\u00e4hrend des Workshops lernen Sie n\u00fctzliche Tipps und Tricks f\u00fcr den Einstieg in die Arbeit mit Art Clay Silver.<\/p>\n<p>Sie beginnen mit einer Packung Ton und gehen am Ende des Workshops mit einem einzigartigen, personalisierten Schmuckst\u00fcck aus echtem Silber nach Hause.<\/p>\n<p>Neben dem Basis-Workshop k\u00f6nnen Sie auch Workshops buchen, die sich auf andere Arten von Art Clay oder bestimmte Techniken konzentrieren<\/p>\n<ul>\n<li>Ringe aus Art Clay herstellen<\/li>\n<li>Arbeiten mit Art Clay und UV-Harz<\/li>\n<li>Art Clay und Emaillieren.<\/li>\n<li>Arbeiten mit Art Clay Kupfer- oder Bronzeton<\/li>\n<li>Memory-Schmuck aus Art Clay herstellen<\/li>\n<li>Kurzer Kurs, in dem verschiedene Arten von Ton und Techniken behandelt werden k\u00f6nnen<\/li>\n<li>Individueller Kurs oder Workshop, bei dem die Unterrichtsinhalte auf Ihre Lernbed\u00fcrfnisse zugeschnitten werden k\u00f6nnen.<\/li>\n<li>usw.<\/li>\n<\/ul>\n<p><a href=\"https:\/\/artclayacademy.eu\/nl\/Workshops-en-cursussen\/\">Lesen Sie hier mehr<\/a><\/p>\n\n                    \n\n\n                <\/div>\n            <\/div>\n\n        \n    <\/div>\n<\/div>\n\n\n<div class=\"block block-img-text my-5 my-lg-7\">\n    <div class=\"container\">\n\n                    <div class=\"row align-items-center\">\n                <div class=\"col-12 col-lg-5 offset-0 offset-lg-0\">\n                    <div class=\"img-wrapper mb-4 mb-lg-0\">\n                                                    <img decoding=\"async\" width=\"487\" height=\"450\" src=\"https:\/\/esquell.eu\/app\/uploads\/2025\/11\/aca.jpg\" class=\"attachment-large size-large\" alt=\"\" srcset=\"https:\/\/esquell.eu\/app\/uploads\/2025\/11\/aca.jpg 487w, https:\/\/esquell.eu\/app\/uploads\/2025\/11\/aca-300x277.jpg 300w\" sizes=\"auto, (max-width: 487px) 100vw, 487px\" loading=\"lazy\" \/>                                            <\/div>\n                <\/div>\n                <div class=\"col-12 col-lg-6 mx-auto\">\n                    <h2>Die Art Clay Academy ist das offizielle Schulungsprogramm der Art Clay World.<\/h2>\n<p>Das Ausbildungssystem besteht aus Stufe 1, Stufe 2 und dem h\u00f6heren Diplom.<br \/>\nLevel 1 und Level 2 sind mehrt\u00e4gige Kurse. In den Kursen wird eine Vielzahl von Schmuckst\u00fccken hergestellt. Alle Projekte befassen sich mit einer anderen Technik. Die Techniken sind so aufeinander abgestimmt, dass Sie nach Abschluss der Kurse von Stufe 1 und Stufe 2 alle g\u00e4ngigen Techniken beherrschen.<br \/>\nDas h\u00f6here Diplom kann durch die selbstst\u00e4ndige Anfertigung von 3 Pr\u00fcfungsst\u00fccken erworben werden.<br \/>\nDar\u00fcber hinaus k\u00f6nnen Sie auch erg\u00e4nzende Kurse besuchen. In diesen Kursen lernen Sie, mit speziellen Techniken zu arbeiten, wie z.B. die Kombination von Silberton mit Glas, Porzellan, Gold usw.Als Ausbilder erhalten Sie einen Rabatt auf den Kauf von Silberton, Werkzeugen und anderen Materialien:- 15% nach Stufe 1- 25% nach Stufe 2- 30% nach Erlangung des h\u00f6heren DiplomsNach Erlangung des Diploms der Stufe 1 werden Sie bereits in das Ausbilder-Netzwerk aufgenommen. Sie erhalten dann Newsletter speziell f\u00fcr Ausbilder, Zugang zu Ausbildertagen und d\u00fcrfen das Art Clay-Logo verwenden.     <\/p>\n<p>&nbsp;<\/p>\n\n                                            <div class=\"btn-wrapper mt-4\">\n                            <a class=\"btn btn-primary\" href=\"https:\/\/artclayacademy.eu\/nl\/Art-Clay-Academy\/Gecertificeerde-opleidingen\/\" target=\"_self\">Lesen Sie hier mehr  <\/a>\n                        <\/div>\n\n                    \n\n\n                <\/div>\n            <\/div>\n\n        \n    <\/div>\n<\/div>","protected":false},"excerpt":{"rendered":"","protected":false},"author":1,"featured_media":0,"parent":0,"menu_order":0,"comment_status":"closed","ping_status":"closed","template":"","meta":{"_acf_changed":false,"_seopress_robots_primary_cat":"","_seopress_titles_title":"","_seopress_titles_desc":"","_seopress_robots_index":"","footnotes":""},"class_list":["post-10873","page","type-page","status-publish","hentry"],"acf":[],"_links":{"self":[{"href":"https:\/\/esquell.eu\/de\/wp-json\/wp\/v2\/pages\/10873","targetHints":{"allow":["GET"]}}],"collection":[{"href":"https:\/\/esquell.eu\/de\/wp-json\/wp\/v2\/pages"}],"about":[{"href":"https:\/\/esquell.eu\/de\/wp-json\/wp\/v2\/types\/page"}],"author":[{"embeddable":true,"href":"https:\/\/esquell.eu\/de\/wp-json\/wp\/v2\/users\/1"}],"replies":[{"embeddable":true,"href":"https:\/\/esquell.eu\/de\/wp-json\/wp\/v2\/comments?post=10873"}],"version-history":[{"count":1,"href":"https:\/\/esquell.eu\/de\/wp-json\/wp\/v2\/pages\/10873\/revisions"}],"predecessor-version":[{"id":10880,"href":"https:\/\/esquell.eu\/de\/wp-json\/wp\/v2\/pages\/10873\/revisions\/10880"}],"wp:attachment":[{"href":"https:\/\/esquell.eu\/de\/wp-json\/wp\/v2\/media?parent=10873"}],"curies":[{"name":"wp","href":"https:\/\/api.w.org\/{rel}","templated":true}]}}