{"id":10843,"date":"2025-02-11T18:11:12","date_gmt":"2025-02-11T18:11:12","guid":{"rendered":"https:\/\/esquell.eu\/ac-lehrer\/"},"modified":"2025-11-05T10:04:34","modified_gmt":"2025-11-05T10:04:34","slug":"ac-lehrer","status":"publish","type":"page","link":"https:\/\/esquell.eu\/de\/ac-lehrer\/","title":{"rendered":"AC-Lehrer"},"content":{"rendered":"\n\n\n<div class=\"block block-img-text my-5 my-lg-7\">\n    <div class=\"container\">\n\n                    <div class=\"row align-items-center\">\n                <div class=\"col-12 col-lg-5 offset-0 offset-lg-0\">\n                    <div class=\"img-wrapper mb-4 mb-lg-0\">\n                                                    <img decoding=\"async\" width=\"427\" height=\"427\" src=\"https:\/\/esquell.eu\/app\/uploads\/2025\/09\/logo-1.jpg\" class=\"attachment-large size-large\" alt=\"\" srcset=\"https:\/\/esquell.eu\/app\/uploads\/2025\/09\/logo-1.jpg 427w, https:\/\/esquell.eu\/app\/uploads\/2025\/09\/logo-1-300x300.jpg 300w, https:\/\/esquell.eu\/app\/uploads\/2025\/09\/logo-1-150x150.jpg 150w, https:\/\/esquell.eu\/app\/uploads\/2025\/09\/logo-1-100x100.jpg 100w\" sizes=\"auto, (max-width: 427px) 100vw, 427px\" loading=\"lazy\" \/>                                            <\/div>\n                <\/div>\n                <div class=\"col-12 col-lg-6 mx-auto\">\n                    <p><strong>Offizieller Art Clay-Vertriebspartner f\u00fcr Belgien, die Niederlande, Luxemburg und Frankreich.<br \/>\n<\/strong><br \/>\n Esquell ist der offizielle Vertriebspartner f\u00fcr Art Clay-Produkte f\u00fcr die Niederlande, Belgien, Luxemburg und Frankreich<br \/>\nWir koordinieren die zertifizierten Art Clay-Schulungen f\u00fcr Belgien, die Niederlande, Luxemburg und Frankreich<br \/>\nBei Fragen wenden Sie sich bitte an info@esquell.eu<br \/>\nWeitere Informationen zu den verschiedenen zertifizierten Schulungen und Zusatzschulungen finden Sie \u00fcber den unten stehenden Link<\/p>\n\n                                            <div class=\"btn-wrapper mt-4\">\n                            <a class=\"btn btn-primary\" href=\"https:\/\/artclayacademy.eu\/\" target=\"_self\">ArtClayAcademy.eu<\/a>\n                        <\/div>\n\n                    \n\n\n                <\/div>\n            <\/div>\n\n        \n    <\/div>\n<\/div>\n\n\n<div class=\"block block-img-text my-5 my-lg-7\">\n    <div class=\"container\">\n\n                    <div class=\"row align-items-center\">\n                <div class=\"col-12 col-lg-5 offset-0 offset-lg-0\">\n                    <div class=\"img-wrapper mb-4 mb-lg-0\">\n                                                    <img decoding=\"async\" width=\"457\" height=\"455\" src=\"https:\/\/esquell.eu\/app\/uploads\/2025\/09\/ac-opl.jpg\" class=\"attachment-large size-large\" alt=\"\" srcset=\"https:\/\/esquell.eu\/app\/uploads\/2025\/09\/ac-opl.jpg 457w, https:\/\/esquell.eu\/app\/uploads\/2025\/09\/ac-opl-300x300.jpg 300w, https:\/\/esquell.eu\/app\/uploads\/2025\/09\/ac-opl-150x150.jpg 150w, https:\/\/esquell.eu\/app\/uploads\/2025\/09\/ac-opl-100x100.jpg 100w\" sizes=\"auto, (max-width: 457px) 100vw, 457px\" loading=\"lazy\" \/>                                            <\/div>\n                <\/div>\n                <div class=\"col-12 col-lg-6 mx-auto\">\n                    <p><strong>Rabatte auf Art Clay Produkte.<br \/>\n<\/strong><br \/>\n<strong>Zertifizierte Ausbilder<\/strong><br \/>\nSind Sie ein Art Clay-zertifizierter Ausbilder und m\u00f6chten Sie Rabatte auf Art Clay-Artikel erhalten?<br \/>\nDann erstellen Sie ein Konto und senden Sie eine E-Mail mit Ihren Ausbildungsdaten an info@esquell.eu<br \/>\nSind Sie daran interessiert, eine Ausbildung zum Art Clay-Profi\/zertifizierten Ausbilder zu absolvieren?<br \/>\n\u00dcber den unten stehenden Link finden Sie detaillierte Informationen zu den Ausbildungskursen und das Anmeldeformular<br \/>\nHaben Sie noch Fragen? Dann senden Sie eine E-Mail an info@esquell.eu <\/p>\n<p>&nbsp;<\/p>\n\n                                            <div class=\"btn-wrapper mt-4\">\n                            <a class=\"btn btn-primary\" href=\"https:\/\/artclayacademy.eu\/nl\/Art-Clay-Academy\/Inschrijf-formulier-gecertificeerde-Art-Clay-opleiding\/\" target=\"_self\">Melden Sie sich f\u00fcr ein zertifiziertes Art Clay Training an<\/a>\n                        <\/div>\n\n                    \n\n\n                <\/div>\n            <\/div>\n\n        \n    <\/div>\n<\/div>\n\n\n<div class=\"block block-img-text my-5 my-lg-7\">\n    <div class=\"container\">\n\n                    <div class=\"row align-items-center\">\n                <div class=\"col-12 col-lg-5 offset-0 offset-lg-0\">\n                    <div class=\"img-wrapper mb-4 mb-lg-0\">\n                                                    <img decoding=\"async\" width=\"457\" height=\"460\" src=\"https:\/\/esquell.eu\/app\/uploads\/2025\/09\/ac-oplll.jpg\" class=\"attachment-large size-large\" alt=\"\" srcset=\"https:\/\/esquell.eu\/app\/uploads\/2025\/09\/ac-oplll.jpg 457w, https:\/\/esquell.eu\/app\/uploads\/2025\/09\/ac-oplll-298x300.jpg 298w, https:\/\/esquell.eu\/app\/uploads\/2025\/09\/ac-oplll-150x150.jpg 150w, https:\/\/esquell.eu\/app\/uploads\/2025\/09\/ac-oplll-100x100.jpg 100w\" sizes=\"auto, (max-width: 457px) 100vw, 457px\" loading=\"lazy\" \/>                                            <\/div>\n                <\/div>\n                <div class=\"col-12 col-lg-6 mx-auto\">\n                    <p><strong>F\u00fcr zertifizierte Art Clay-Lehrer<\/strong> gibt es eine Reihe attraktiver Rabatte.<br \/>\nDie Rabatte gelten f\u00fcr alle Art Clay Silber Clay, Gold Clay, Kupfer Clay, Spray Clay, artclaysilver Papier und Art Clay Silberpastenformen und andere Art Clay-Produkte. Dar\u00fcber hinaus erhalten Sie Rabatte auf viele andere Produkte. Der Rabatt wird automatisch w\u00e4hrend des Bestellvorgangs verrechnet, nachdem wir Ihr Konto mit der entsprechenden Kundengruppe verkn\u00fcpft haben.  <\/p>\n<p>Kontaktieren Sie uns, wenn Sie vor der Bestellung weitere Erkl\u00e4rungen ben\u00f6tigen.<\/p>\n<p>15% Rabatt f\u00fcr Art Clay zertifizierte Stufe 1 (MwSt.-Nummer nicht erforderlich)<\/p>\n<p>25% Rabatt f\u00fcr Art Clay zertifizierte Level 1+2 (MwSt.-Nummer nicht erforderlich)<\/p>\n<p>30% Rabatt f\u00fcr Art Clay zertifizierte Level 1+2 und h\u00f6her (Mehrwertsteuernummer nicht erforderlich)<\/p>\n\n                    \n\n\n                <\/div>\n            <\/div>\n\n        \n    <\/div>\n<\/div>\n\n\n<div class=\"block block-img-text my-5 my-lg-7\">\n    <div class=\"container\">\n\n                    <div class=\"row align-items-center\">\n                <div class=\"col-12 col-lg-5 offset-0 offset-lg-0\">\n                    <div class=\"img-wrapper mb-4 mb-lg-0\">\n                                                    <img decoding=\"async\" width=\"457\" height=\"452\" src=\"https:\/\/esquell.eu\/app\/uploads\/2025\/09\/ac-opleiding.jpg\" class=\"attachment-large size-large\" alt=\"\" srcset=\"https:\/\/esquell.eu\/app\/uploads\/2025\/09\/ac-opleiding.jpg 457w, https:\/\/esquell.eu\/app\/uploads\/2025\/09\/ac-opleiding-300x297.jpg 300w, https:\/\/esquell.eu\/app\/uploads\/2025\/09\/ac-opleiding-100x100.jpg 100w\" sizes=\"auto, (max-width: 457px) 100vw, 457px\" loading=\"lazy\" \/>                                            <\/div>\n                <\/div>\n                <div class=\"col-12 col-lg-6 mx-auto\">\n                    <p><strong>F\u00fcr Art Clay-Wiederverk\u00e4ufer mit einem Gesch\u00e4ft oder Webshop und einer Umsatzsteuer-Identifikationsnummer<\/strong>, bei denen ein Art Clay Silver Certified Instructor auch Unterricht \/ Workshops gibt (h\u00f6heres Zertifikat), ist es in einigen F\u00e4llen m\u00f6glich, einen zus\u00e4tzlichen Rabatt zu erhalten. Dies h\u00e4ngt zum Teil vom Umsatz \/ Kauf ab. F\u00fcr weitere Informationen nehmen Sie bitte Kontakt mit uns auf.  <\/p>\n<p>Unsere E-Mail Adresse: info@esquell.eu<\/p>\n\n                    \n\n\n                <\/div>\n            <\/div>\n\n        \n    <\/div>\n<\/div>\n\n\n<div class=\"block block-img-text my-5 my-lg-7\">\n    <div class=\"container\">\n\n                    <div class=\"row align-items-center\">\n                <div class=\"col-12 col-lg-5 offset-0 offset-lg-0\">\n                    <div class=\"img-wrapper mb-4 mb-lg-0\">\n                                                    <img decoding=\"async\" width=\"457\" height=\"453\" src=\"https:\/\/esquell.eu\/app\/uploads\/2025\/09\/accc.jpg\" class=\"attachment-large size-large\" alt=\"\" srcset=\"https:\/\/esquell.eu\/app\/uploads\/2025\/09\/accc.jpg 457w, https:\/\/esquell.eu\/app\/uploads\/2025\/09\/accc-300x297.jpg 300w, https:\/\/esquell.eu\/app\/uploads\/2025\/09\/accc-150x150.jpg 150w, https:\/\/esquell.eu\/app\/uploads\/2025\/09\/accc-100x100.jpg 100w\" sizes=\"auto, (max-width: 457px) 100vw, 457px\" loading=\"lazy\" \/>                                            <\/div>\n                <\/div>\n                <div class=\"col-12 col-lg-6 mx-auto\">\n                    <h3>Rabattantrag.<\/h3>\n<p>Legen Sie einfach ein Konto an und senden Sie uns dann die Informationen zu dem Rabatt, den Sie beantragen m\u00f6chten.<\/p>\n<p>(Wenn Sie bereits ein Konto haben, senden Sie bitte eine E-Mail an info@esquell.eu mit den entsprechenden Informationen, damit wir den entsprechenden Rabatt f\u00fcr Sie einrichten k\u00f6nnen)<\/p>\n<p>Sobald wir \u00fcberpr\u00fcft haben, dass Sie die Kriterien erf\u00fcllen, werden wir den Rabatt auf Ihrem Konto einrichten. Der Rabatt gilt ab dem Datum, an dem Sie die entsprechenden Angaben machen. Er kann nicht r\u00fcckwirkend auf fr\u00fchere Bestellungen angewendet werden und kann nicht in Verbindung mit anderen Angeboten oder Rabatten genutzt werden. Esquell beh\u00e4lt sich das Recht vor, die Bedingungen ohne vorherige Ank\u00fcndigung zu \u00e4ndern.  <\/p>\n<p>&nbsp;<\/p>\n\n                    \n\n\n                <\/div>\n            <\/div>\n\n        \n    <\/div>\n<\/div>","protected":false},"excerpt":{"rendered":"","protected":false},"author":1,"featured_media":0,"parent":0,"menu_order":0,"comment_status":"closed","ping_status":"closed","template":"","meta":{"_acf_changed":false,"_seopress_robots_primary_cat":"","_seopress_titles_title":"","_seopress_titles_desc":"","_seopress_robots_index":"","footnotes":""},"class_list":["post-10843","page","type-page","status-publish","hentry"],"acf":[],"_links":{"self":[{"href":"https:\/\/esquell.eu\/de\/wp-json\/wp\/v2\/pages\/10843","targetHints":{"allow":["GET"]}}],"collection":[{"href":"https:\/\/esquell.eu\/de\/wp-json\/wp\/v2\/pages"}],"about":[{"href":"https:\/\/esquell.eu\/de\/wp-json\/wp\/v2\/types\/page"}],"author":[{"embeddable":true,"href":"https:\/\/esquell.eu\/de\/wp-json\/wp\/v2\/users\/1"}],"replies":[{"embeddable":true,"href":"https:\/\/esquell.eu\/de\/wp-json\/wp\/v2\/comments?post=10843"}],"version-history":[{"count":2,"href":"https:\/\/esquell.eu\/de\/wp-json\/wp\/v2\/pages\/10843\/revisions"}],"predecessor-version":[{"id":11102,"href":"https:\/\/esquell.eu\/de\/wp-json\/wp\/v2\/pages\/10843\/revisions\/11102"}],"wp:attachment":[{"href":"https:\/\/esquell.eu\/de\/wp-json\/wp\/v2\/media?parent=10843"}],"curies":[{"name":"wp","href":"https:\/\/api.w.org\/{rel}","templated":true}]}}